{"id":15,"date":"2025-01-23T14:28:46","date_gmt":"2025-01-23T13:28:46","guid":{"rendered":"https:\/\/dev.minerva.tm\/?page_id=15"},"modified":"2025-01-23T14:35:01","modified_gmt":"2025-01-23T13:35:01","slug":"home","status":"publish","type":"page","link":"https:\/\/minerva.tm\/en\/","title":{"rendered":"Home"},"content":{"rendered":"<div data-elementor-type=\"wp-page\" data-elementor-id=\"15\" class=\"elementor elementor-15\" data-elementor-post-type=\"page\">\n\t\t\t\t<div class=\"elementor-element elementor-element-520cd703 e-con-full e-flex e-con e-parent\" data-id=\"520cd703\" data-element_type=\"container\" data-settings=\"{&quot;background_background&quot;:&quot;classic&quot;}\">\n\t\t\t\t<div class=\"elementor-element elementor-element-15348cf8 elementor-widget elementor-widget-heading\" data-id=\"15348cf8\" data-element_type=\"widget\" data-widget_type=\"heading.default\">\n\t\t\t\t<div class=\"elementor-widget-container\">\n\t\t\t\t\t<h2 class=\"elementor-heading-title elementor-size-default\">\nMarks &amp; More\n<\/h2>\t\t\t\t<\/div>\n\t\t\t\t<\/div>\n\t\t\t\t<\/div>\n\t\t<div class=\"elementor-element elementor-element-4a861662 e-flex e-con-boxed e-con e-parent\" data-id=\"4a861662\" data-element_type=\"container\" id=\"kompetenzen\" data-settings=\"{&quot;background_background&quot;:&quot;classic&quot;}\">\n\t\t\t\t\t<div class=\"e-con-inner\">\n\t\t\t\t<div class=\"elementor-element elementor-element-4272a35c elementor-widget elementor-widget-heading\" data-id=\"4272a35c\" data-element_type=\"widget\" data-widget_type=\"heading.default\">\n\t\t\t\t<div class=\"elementor-widget-container\">\n\t\t\t\t\t<h2 class=\"elementor-heading-title elementor-size-default\">Ihre MARKE...<\/h2>\t\t\t\t<\/div>\n\t\t\t\t<\/div>\n\t\t\t\t<div class=\"elementor-element elementor-element-2c704701 elementor-widget__width-initial elementor-widget-mobile__width-inherit elementor-widget elementor-widget-text-editor\" data-id=\"2c704701\" data-element_type=\"widget\" data-widget_type=\"text-editor.default\">\n\t\t\t\t<div class=\"elementor-widget-container\">\n\t\t\t\t\t\t\t\t\t<div class=\"rs-columns ce_rs_columns_start\"><div class=\"rs-column -large-col-2-1 -large-first -large-first-row -medium-col-2-1 -medium-first -medium-first-row -small-col-1-1 -small-first -small-last -small-first-row\"><div class=\"ce_text block\"><div class=\"text-container\"><p><strong>&#8230;ist das aussagekr\u00e4ftigste Marketingmittel Ihres Unternehmens.<\/strong> Sie ist Ihr Aush\u00e4ngeschild, sichert Ihren wirtschaftlichen Erfolg und schafft Vertrauen bei den Kunden.<\/p><\/div><\/div><\/div><\/div>\t\t\t\t\t\t\t\t<\/div>\n\t\t\t\t<\/div>\n\t\t<div class=\"elementor-element elementor-element-5b044c8 e-con-full e-flex e-con e-child\" data-id=\"5b044c8\" data-element_type=\"container\">\n\t\t\t\t<div class=\"elementor-element elementor-element-70a512a8 elementor-widget__width-initial elementor-widget-mobile__width-inherit elementor-widget elementor-widget-text-editor\" data-id=\"70a512a8\" data-element_type=\"widget\" data-widget_type=\"text-editor.default\">\n\t\t\t\t<div class=\"elementor-widget-container\">\n\t\t\t\t\t\t\t\t\t<p>Die MINERVA GmbH stellt sicher, dass ihre MARKE unangreifbar ist \u2013 vom ersten Moment an. Wir entwickeln und \u00fcberpr\u00fcfen Brandings f\u00fcr Produkte, Dienstleistungen und Unternehmen \u2013 von der Idee bis zum eingetragenen Markennamen. Alle im Vorfeld zu ber\u00fccksichtigenden Themen erledigen wir f\u00fcr Sie und stellen Ihnen das fertige Produkt zur Verf\u00fcgung \u2013 ma\u00dfgeschneidert und einwandfrei.<\/p>\t\t\t\t\t\t\t\t<\/div>\n\t\t\t\t<\/div>\n\t\t<div class=\"elementor-element elementor-element-5a74cbcb e-con-full elementor-hidden-mobile e-flex e-con e-child\" data-id=\"5a74cbcb\" data-element_type=\"container\">\n\t\t\t\t<\/div>\n\t\t\t\t<div class=\"elementor-element elementor-element-51621fba elementor-widget__width-initial elementor-widget-mobile__width-inherit elementor-widget elementor-widget-text-editor\" data-id=\"51621fba\" data-element_type=\"widget\" data-widget_type=\"text-editor.default\">\n\t\t\t\t<div class=\"elementor-widget-container\">\n\t\t\t\t\t\t\t\t\t<p><span class=\"confirmation\">IP | Trademarks | Domains | Brand-Development | Entrepreneurship<\/span><\/p><p>Die MINERVA GmbH ber\u00e4t nicht in rechtlichen Angelegenheiten. F\u00fcr die Wahrnehmung rechtlicher Interessen k\u00f6nnen wir den Kontakt zu erfahrenen Kanzleien herstellen<\/p>\t\t\t\t\t\t\t\t<\/div>\n\t\t\t\t<\/div>\n\t\t\t\t<\/div>\n\t\t\t\t\t<\/div>\n\t\t\t\t<\/div>\n\t\t<div class=\"elementor-element elementor-element-2df15e15 e-flex e-con-boxed e-con e-parent\" data-id=\"2df15e15\" data-element_type=\"container\" id=\"gesch\u00e4ftsf\u00fchrung\" data-settings=\"{&quot;background_background&quot;:&quot;classic&quot;}\">\n\t\t\t\t\t<div class=\"e-con-inner\">\n\t\t\t\t<div class=\"elementor-element elementor-element-5b43820d elementor-widget__width-initial elementor-widget-mobile__width-inherit elementor-widget elementor-widget-image\" data-id=\"5b43820d\" data-element_type=\"widget\" data-widget_type=\"image.default\">\n\t\t\t\t<div class=\"elementor-widget-container\">\n\t\t\t\t\t\t\t\t\t\t\t\t\t\t\t<img fetchpriority=\"high\" decoding=\"async\" width=\"800\" height=\"392\" src=\"https:\/\/minerva.tm\/wp-content\/uploads\/2025\/01\/ilka-woerner-81d9cf5c.jpg\" class=\"attachment-large size-large wp-image-21\" alt=\"\" srcset=\"https:\/\/minerva.tm\/wp-content\/uploads\/2025\/01\/ilka-woerner-81d9cf5c.jpg 1020w, https:\/\/minerva.tm\/wp-content\/uploads\/2025\/01\/ilka-woerner-81d9cf5c-300x147.jpg 300w, https:\/\/minerva.tm\/wp-content\/uploads\/2025\/01\/ilka-woerner-81d9cf5c-768x376.jpg 768w\" sizes=\"(max-width: 800px) 100vw, 800px\" \/>\t\t\t\t\t\t\t\t\t\t\t\t\t\t\t<\/div>\n\t\t\t\t<\/div>\n\t\t<div class=\"elementor-element elementor-element-59ad17d5 e-con-full e-flex e-con e-child\" data-id=\"59ad17d5\" data-element_type=\"container\">\n\t\t\t\t<div class=\"elementor-element elementor-element-3e4c756b elementor-widget elementor-widget-heading\" data-id=\"3e4c756b\" data-element_type=\"widget\" data-widget_type=\"heading.default\">\n\t\t\t\t<div class=\"elementor-widget-container\">\n\t\t\t\t\t<h2 class=\"elementor-heading-title elementor-size-default\">Gesch\u00e4ftsf\u00fchrung<\/h2>\t\t\t\t<\/div>\n\t\t\t\t<\/div>\n\t\t\t\t<div class=\"elementor-element elementor-element-3a6cab6f elementor-widget elementor-widget-text-editor\" data-id=\"3a6cab6f\" data-element_type=\"widget\" data-widget_type=\"text-editor.default\">\n\t\t\t\t<div class=\"elementor-widget-container\">\n\t\t\t\t\t\t\t\t\t<p>Ilka Ann W\u00f6rner hat beide Staatsexamina der Rechtswissenschaften absolviert und ist seit dem Jahr 2004 im Bereich Markenentwicklung und Unternehmensaufbau als Beraterin t\u00e4tig.<\/p><p>Durch ihr ausgezeichnetes Netzwerk in den Bereichen Grafik, Webdesign, Webhosting, Texte, Marketing, Vertrieb und Presse ist eine umfassende Beratung und Umsetzung von Projekten aus einer Hand f\u00fcr unsere Kunden gew\u00e4hrleistet.<\/p>\t\t\t\t\t\t\t\t<\/div>\n\t\t\t\t<\/div>\n\t\t\t\t<\/div>\n\t\t\t\t\t<\/div>\n\t\t\t\t<\/div>\n\t\t<div class=\"elementor-element elementor-element-60dc2d70 e-flex e-con-boxed e-con e-parent\" data-id=\"60dc2d70\" data-element_type=\"container\" id=\"minerva\" data-settings=\"{&quot;background_background&quot;:&quot;classic&quot;}\">\n\t\t\t\t\t<div class=\"e-con-inner\">\n\t\t\t\t<div class=\"elementor-element elementor-element-7dc5eb52 elementor-widget elementor-widget-heading\" data-id=\"7dc5eb52\" data-element_type=\"widget\" data-widget_type=\"heading.default\">\n\t\t\t\t<div class=\"elementor-widget-container\">\n\t\t\t\t\t<h2 class=\"elementor-heading-title elementor-size-default\">Minerva, die Bedeutung<\/h2>\t\t\t\t<\/div>\n\t\t\t\t<\/div>\n\t\t<div class=\"elementor-element elementor-element-6bbae33b e-con-full e-flex e-con e-child\" data-id=\"6bbae33b\" data-element_type=\"container\">\n\t\t\t\t<div class=\"elementor-element elementor-element-6364cbcf elementor-widget__width-initial elementor-widget-mobile__width-inherit elementor-widget elementor-widget-text-editor\" data-id=\"6364cbcf\" data-element_type=\"widget\" data-widget_type=\"text-editor.default\">\n\t\t\t\t<div class=\"elementor-widget-container\">\n\t\t\t\t\t\t\t\t\t<p><strong>Minerva<\/strong> (griech. = Athene) ist die r\u00f6mische G\u00f6ttin der Wissenschaften, Klugheit, Ausdauer und Tapferkeit und die Besch\u00fctzerin der bildenden K\u00fcnste. Im Gegensatz zum Kriegsgott Mars (griech. = Ares) trat sie f\u00fcr einen besonnen gef\u00fchrten, geordneten Kampf ein. Ihre Wahrzeichen sind die Eule &#8211; welche bis heute das Symbol f\u00fcr Weisheit und Wissenschaft ist -, Schild, Lanze und der Olivenbaum.<\/p>\t\t\t\t\t\t\t\t<\/div>\n\t\t\t\t<\/div>\n\t\t<div class=\"elementor-element elementor-element-53aac6f8 e-con-full elementor-hidden-mobile e-flex e-con e-child\" data-id=\"53aac6f8\" data-element_type=\"container\">\n\t\t\t\t<\/div>\n\t\t\t\t<div class=\"elementor-element elementor-element-1132c39c elementor-widget__width-initial elementor-widget-mobile__width-inherit elementor-widget elementor-widget-text-editor\" data-id=\"1132c39c\" data-element_type=\"widget\" data-widget_type=\"text-editor.default\">\n\t\t\t\t<div class=\"elementor-widget-container\">\n\t\t\t\t\t\t\t\t\t<p><strong>Minerva<\/strong> ist eine echte &#8222;Kopfgeburt&#8220;; sie entspringt dem Mythos nach dem Kopf des G\u00f6ttervaters Jupiter (griech.=Zeus), nachdem dieser seine schwangere, erste Frau &#8211; Metis &#8211; aus Angst vor gef\u00e4hrlichen Nachkommen verschlungen hatte.<\/p>\t\t\t\t\t\t\t\t<\/div>\n\t\t\t\t<\/div>\n\t\t\t\t<\/div>\n\t\t\t\t\t<\/div>\n\t\t\t\t<\/div>\n\t\t\t\t<\/div>","protected":false},"excerpt":{"rendered":"<p>Marks &amp; More Ihre MARKE&#8230; &#8230;ist das aussagekr\u00e4ftigste Marketingmittel Ihres Unternehmens. Sie ist Ihr Aush\u00e4ngeschild, sichert Ihren wirtschaftlichen Erfolg und schafft Vertrauen bei den Kunden. Die MINERVA GmbH stellt sicher, dass ihre MARKE unangreifbar ist \u2013 vom ersten Moment an. Wir entwickeln und \u00fcberpr\u00fcfen Brandings f\u00fcr Produkte, Dienstleistungen und Unternehmen \u2013 von der Idee bis [&hellip;]<\/p>","protected":false},"author":1,"featured_media":0,"parent":0,"menu_order":0,"comment_status":"closed","ping_status":"closed","template":"","meta":{"footnotes":""},"class_list":["post-15","page","type-page","status-publish","hentry"],"_links":{"self":[{"href":"https:\/\/minerva.tm\/en\/wp-json\/wp\/v2\/pages\/15","targetHints":{"allow":["GET"]}}],"collection":[{"href":"https:\/\/minerva.tm\/en\/wp-json\/wp\/v2\/pages"}],"about":[{"href":"https:\/\/minerva.tm\/en\/wp-json\/wp\/v2\/types\/page"}],"author":[{"embeddable":true,"href":"https:\/\/minerva.tm\/en\/wp-json\/wp\/v2\/users\/1"}],"replies":[{"embeddable":true,"href":"https:\/\/minerva.tm\/en\/wp-json\/wp\/v2\/comments?post=15"}],"version-history":[{"count":4,"href":"https:\/\/minerva.tm\/en\/wp-json\/wp\/v2\/pages\/15\/revisions"}],"predecessor-version":[{"id":48,"href":"https:\/\/minerva.tm\/en\/wp-json\/wp\/v2\/pages\/15\/revisions\/48"}],"wp:attachment":[{"href":"https:\/\/minerva.tm\/en\/wp-json\/wp\/v2\/media?parent=15"}],"curies":[{"name":"wp","href":"https:\/\/api.w.org\/{rel}","templated":true}]}}