{"id":41,"date":"2025-01-23T14:33:50","date_gmt":"2025-01-23T13:33:50","guid":{"rendered":"https:\/\/dev.minerva.tm\/?page_id=41"},"modified":"2025-01-23T14:39:37","modified_gmt":"2025-01-23T13:39:37","slug":"impressum","status":"publish","type":"page","link":"https:\/\/minerva.tm\/en\/impressum\/","title":{"rendered":"Impressum"},"content":{"rendered":"<div data-elementor-type=\"wp-page\" data-elementor-id=\"41\" class=\"elementor elementor-41\" data-elementor-post-type=\"page\">\n\t\t\t\t<div class=\"elementor-element elementor-element-cf341a8 e-flex e-con-boxed e-con e-parent\" data-id=\"cf341a8\" data-element_type=\"container\">\n\t\t\t\t\t<div class=\"e-con-inner\">\n\t\t\t\t<div class=\"elementor-element elementor-element-d40a9e1 elementor-widget elementor-widget-text-editor\" data-id=\"d40a9e1\" data-element_type=\"widget\" data-widget_type=\"text-editor.default\">\n\t\t\t\t<div class=\"elementor-widget-container\">\n\t\t\t\t\t\t\t\t\t<h1 class=\"ce_headline first\">Impressum<\/h1><div class=\"ce_text block\"><div class=\"text-container\"><p class=\"style4\" align=\"left\"><em>Verantwortlich f\u00fcr den Inhalt und die Gestaltung dieser Seiten:<\/em><\/p><\/div><\/div><div class=\"ce_text artikel_left block\"><div class=\"text-container\"><p>MINERVA GmbH<\/p><p>Pettenkoferstra\u00dfe 46<br \/>80336 M\u00fcnchen<\/p><p>fon +49 (0)89 330 662 33 <br \/>fax +49 (0)89 330 398 52<\/p><p>email <a href=\"mailto:info@minerva.tm\">info@minerva.tm<\/a><\/p><\/div><\/div><div class=\"ce_text artikel_right block\"><div class=\"text-container\"><p>Gesch\u00e4ftsf\u00fchrerin: Ilka Ann W\u00f6rner<\/p><p>Registergericht: Amtsgericht M\u00fcnchen <br \/>Registernummer: HRB 156825<\/p><\/div><\/div><div class=\"ce_text clear last block\"><div class=\"text-container\"><p class=\"last_space\">\u00a0<\/p><\/div><\/div>\t\t\t\t\t\t\t\t<\/div>\n\t\t\t\t<\/div>\n\t\t\t\t\t<\/div>\n\t\t\t\t<\/div>\n\t\t\t\t<\/div>","protected":false},"excerpt":{"rendered":"<p>Impressum Verantwortlich f\u00fcr den Inhalt und die Gestaltung dieser Seiten: MINERVA GmbH Pettenkoferstra\u00dfe 4680336 M\u00fcnchen fon +49 (0)89 330 662 33 fax +49 (0)89 330 398 52 email info@minerva.tm Gesch\u00e4ftsf\u00fchrerin: Ilka Ann W\u00f6rner Registergericht: Amtsgericht M\u00fcnchen Registernummer: HRB 156825 \u00a0<\/p>","protected":false},"author":1,"featured_media":0,"parent":0,"menu_order":0,"comment_status":"closed","ping_status":"closed","template":"","meta":{"footnotes":""},"class_list":["post-41","page","type-page","status-publish","hentry"],"_links":{"self":[{"href":"https:\/\/minerva.tm\/en\/wp-json\/wp\/v2\/pages\/41","targetHints":{"allow":["GET"]}}],"collection":[{"href":"https:\/\/minerva.tm\/en\/wp-json\/wp\/v2\/pages"}],"about":[{"href":"https:\/\/minerva.tm\/en\/wp-json\/wp\/v2\/types\/page"}],"author":[{"embeddable":true,"href":"https:\/\/minerva.tm\/en\/wp-json\/wp\/v2\/users\/1"}],"replies":[{"embeddable":true,"href":"https:\/\/minerva.tm\/en\/wp-json\/wp\/v2\/comments?post=41"}],"version-history":[{"count":7,"href":"https:\/\/minerva.tm\/en\/wp-json\/wp\/v2\/pages\/41\/revisions"}],"predecessor-version":[{"id":55,"href":"https:\/\/minerva.tm\/en\/wp-json\/wp\/v2\/pages\/41\/revisions\/55"}],"wp:attachment":[{"href":"https:\/\/minerva.tm\/en\/wp-json\/wp\/v2\/media?parent=41"}],"curies":[{"name":"wp","href":"https:\/\/api.w.org\/{rel}","templated":true}]}}